{"id":2506,"date":"2020-04-30T13:36:31","date_gmt":"2020-04-30T13:36:31","guid":{"rendered":"https:\/\/ninetheme.com\/themes\/wavo\/?page_id=2506"},"modified":"2025-12-17T14:16:39","modified_gmt":"2025-12-17T14:16:39","slug":"mehrwerte","status":"publish","type":"page","link":"https:\/\/salm-global-land.de\/en\/home\/mehrwerte\/","title":{"rendered":"Added value"},"content":{"rendered":"<div data-elementor-type=\"wp-page\" data-elementor-id=\"2506\" class=\"elementor elementor-2506\" data-elementor-post-type=\"page\">\n\t\t\t\t\t\t<section class=\"wavo-column-gap-default elementor-section elementor-top-section elementor-element elementor-element-96f17ad elementor-section-boxed elementor-section-height-default elementor-section-height-default\" data-id=\"96f17ad\" data-element_type=\"section\" data-settings=\"{&quot;background_background&quot;:&quot;classic&quot;}\">\n\t\t\t\t\t\t\t<div class=\"elementor-background-overlay\"><\/div>\n\t\t\t\t\t\t\t<div class=\"elementor-container elementor-column-gap-default\">\n\t\t\t\t\t<div class=\"elementor-column elementor-col-100 elementor-top-column elementor-element elementor-element-c01adf8\" data-id=\"c01adf8\" data-element_type=\"column\" data-settings=\"{&quot;background_background&quot;:&quot;classic&quot;}\">\n\t\t\t<div class=\"elementor-widget-wrap elementor-element-populated\">\n\t\t\t\t\t\t<div class=\"elementor-element elementor-element-4413c08 elementor-invisible elementor-widget elementor-widget-wavo-testimonials\" data-id=\"4413c08\" data-element_type=\"widget\" data-settings=\"{&quot;_animation&quot;:&quot;fadeInRight&quot;}\" data-widget_type=\"wavo-testimonials.default\">\n\t\t\t\t<div class=\"elementor-widget-container\">\n\t\t\t\t\t<div class=\"testimonials no-bg\" data-slider-settings='{\"autoplay\":false,\"arrows\":false,\"fade\":false,\"speed\":300,\"delay\":500}'><div class=\"text-bg\">Added value<\/div><div class=\"container\"><div class=\"row\"><div class=\"col-lg-3 offset-lg-1 positive-r\"><div class=\"slider-for\"><div class=\"info\"><h6 class=\"testi-name\">Added value in agriculture &amp; forestry  <\/h6><\/div><\/div><div class=\"navs\"><span class=\"next\"><i class=\"ion-ios-arrow-right\"><\/i><\/span><span class=\"prev\"><i class=\"ion-ios-arrow-left\"><\/i><\/span><\/div><\/div><div class=\"col-lg-8 quote-text\"><div class=\"slider-nav\"><div class=\"item\"><div class=\"cont\"><p class=\"testi-text\">Forestry and agriculture are indispensable foundations of our society. Both create not only economic value, but also ecological and social value. They provide the basis for our livelihoods and ensure the supply of renewable raw materials, create jobs, and form the foundation for sustainable and future-oriented development.\u00a0\n<\/p><\/div><\/div><\/div><\/div><\/div><\/div><\/div>\t\t\t\t<\/div>\n\t\t\t\t<\/div>\n\t\t\t\t\t<\/div>\n\t\t<\/div>\n\t\t\t\t\t<\/div>\n\t\t<\/section>\n\t\t\t\t<div class=\"wavo-column-gap-default elementor-section elementor-top-section elementor-element elementor-element-6ee9b18d nt-section section-padding pb-0 elementor-section-content-middle elementor-section-boxed elementor-section-height-default elementor-section-height-default\" data-id=\"6ee9b18d\" data-element_type=\"section\" data-settings=\"{&quot;background_background&quot;:&quot;classic&quot;}\">\n\t\t\t\t\t\t<div class=\"elementor-container elementor-column-gap-default\">\n\t\t\t\t\t<div class=\"elementor-column elementor-col-100 elementor-top-column elementor-element elementor-element-436a91f\" data-id=\"436a91f\" data-element_type=\"column\">\n\t\t\t<div class=\"elementor-widget-wrap elementor-element-populated\">\n\t\t\t\t\t\t<div class=\"elementor-element elementor-element-6b8ced1 wavo-transform transform-type-translate elementor-widget elementor-widget-heading\" data-id=\"6b8ced1\" data-element_type=\"widget\" data-widget_type=\"heading.default\">\n\t\t\t\t\t<h6 class=\"elementor-heading-title elementor-size-default\">Added value<\/h6>\t\t\t\t<\/div>\n\t\t\t\t<div class=\"elementor-element elementor-element-ee126d1 wavo-transform transform-type-translate elementor-widget elementor-widget-heading\" data-id=\"ee126d1\" data-element_type=\"widget\" data-widget_type=\"heading.default\">\n\t\t\t\t\t<h3 class=\"elementor-heading-title elementor-size-default\">Value Creation Potential of Land &amp; Soil<\/h3>\t\t\t\t<\/div>\n\t\t\t\t<div class=\"elementor-element elementor-element-ef3a100 elementor-widget elementor-widget-text-editor\" data-id=\"ef3a100\" data-element_type=\"widget\" data-widget_type=\"text-editor.default\">\n\t\t\t\t\t\t\t\t\t<p class=\"translation-block\">Our investments in agriculture and forestry benefit from a wide range of additional use and development opportunities that secure the long-term value of the land and unlock new sources of income. Whether through the development of residential land, the establishment of nature-oriented forest cemeteries, or the generation of CO\u2082 certificates, each option strengthens the economic foundation of the property while simultaneously supporting sustainable development goals.<\/p><p class=\"translation-block\">Renewable energy also offers valuable opportunities: photovoltaic systems, wind power, and large-scale battery storage turn land into active components of the energy transition and provide stable, predictable revenues. In addition, biogas plants and compensation payments for setting aside ecologically valuable areas offer further ways to combine ecological responsibility with economic benefit.<\/p><p class=\"translation-block\">Even natural resources, when extracted responsibly, contribute to diversification and value enhancement.<\/p><p>Taken together, all these elements create a robust foundation for long-term value creation. They make agricultural and forest land not only ecologically valuable, but also economically attractive as an investment.<\/p><p><span data-teams=\"true\">\u00a0<\/span><\/p>\t\t\t\t\t\t\t\t<\/div>\n\t\t\t\t<div class=\"wavo-column-gap-default elementor-section elementor-inner-section elementor-element elementor-element-64163a4b elementor-section-boxed elementor-section-height-default elementor-section-height-default\" data-id=\"64163a4b\" data-element_type=\"section\">\n\t\t\t\t\t\t<div class=\"elementor-container elementor-column-gap-default\">\n\t\t\t\t\t<div class=\"elementor-column elementor-col-33 elementor-inner-column elementor-element elementor-element-3eee75cb\" data-id=\"3eee75cb\" data-element_type=\"column\">\n\t\t\t<div class=\"elementor-widget-wrap elementor-element-populated\">\n\t\t\t\t\t\t<div class=\"elementor-element elementor-element-a7f1298 elementor-widget elementor-widget-wavo-flip-card\" data-id=\"a7f1298\" data-element_type=\"widget\" data-widget_type=\"wavo-flip-card.default\">\n\t\t\t\t<div class=\"elementor-widget-container\">\n\t\t\t\t\t<div class=\"nt-flip-col flip-up\" ontouchstart=\"this.classList.toggle('hover');\"><div class=\"nt-flip-container\"><div class=\"nt-flip-front\"><div class=\"nt-flip-inner\"><h2 class=\"nt-flip-title\">Building Land<\/h2><\/div><\/div><div class=\"nt-flip-back\"><div class=\"nt-flip-inner\"><p class=\"nt-flip-desc\">When investing in forestry and agriculture, it can be highly lucrative if land can later be rezoned as residential land. The reason is that agricultural land is generally traded at significantly lower prices than developed residential land. If rezoning occurs as a result of municipal planning, infrastructure projects, or increasing settlement pressure, the value often increases many times over. In this way, a property originally used purely for agricultural or forestry purposes can suddenly generate substantial added value, far beyond the ongoing income from timber sales or agricultural use. This leverage makes resale as residential land a potentially very profitable option.<\/p><\/div><\/div><\/div><\/div>\t\t\t\t<\/div>\n\t\t\t\t<\/div>\n\t\t\t\t\t<\/div>\n\t\t<\/div>\n\t\t\t\t<div class=\"elementor-column elementor-col-33 elementor-inner-column elementor-element elementor-element-a1131b3\" data-id=\"a1131b3\" data-element_type=\"column\">\n\t\t\t<div class=\"elementor-widget-wrap elementor-element-populated\">\n\t\t\t\t\t\t<div class=\"elementor-element elementor-element-9ea5f0a elementor-widget elementor-widget-wavo-flip-card\" data-id=\"9ea5f0a\" data-element_type=\"widget\" data-widget_type=\"wavo-flip-card.default\">\n\t\t\t\t<div class=\"elementor-widget-container\">\n\t\t\t\t\t<div class=\"nt-flip-col flip-up\" ontouchstart=\"this.classList.toggle('hover');\"><div class=\"nt-flip-container\"><div class=\"nt-flip-front\"><div class=\"nt-flip-inner\"><h2 class=\"nt-flip-title\">Woodland<\/h2><\/div><\/div><div class=\"nt-flip-back\"><div class=\"nt-flip-inner\"><p class=\"nt-flip-desc\">Investing in forestry can be worthwhile if part of the land is leased as a forest cemetery. Woodland burial sites allow for natural urn burials beneath trees while leaving the forest largely undisturbed. For the investor, this creates a long-term, stable source of income that is independent of fluctuations in timber prices. At the same time, the forest is preserved, continues to fulfill its ecological functions, and benefits from the growing demand for alternative forms of burial. In this way, traditional forestry operations are complemented by a sustainable and economically attractive form of land use.\n<\/p><\/div><\/div><\/div><\/div>\t\t\t\t<\/div>\n\t\t\t\t<\/div>\n\t\t\t\t\t<\/div>\n\t\t<\/div>\n\t\t\t\t<div class=\"elementor-column elementor-col-33 elementor-inner-column elementor-element elementor-element-a3a815f\" data-id=\"a3a815f\" data-element_type=\"column\">\n\t\t\t<div class=\"elementor-widget-wrap elementor-element-populated\">\n\t\t\t\t\t\t<div class=\"elementor-element elementor-element-80dcded elementor-widget elementor-widget-wavo-flip-card\" data-id=\"80dcded\" data-element_type=\"widget\" data-widget_type=\"wavo-flip-card.default\">\n\t\t\t\t<div class=\"elementor-widget-container\">\n\t\t\t\t\t<div class=\"nt-flip-col flip-up\" ontouchstart=\"this.classList.toggle('hover');\"><div class=\"nt-flip-container\"><div class=\"nt-flip-front\"><div class=\"nt-flip-inner\"><h2 class=\"nt-flip-title\">CO2 certificates<\/h2><\/div><\/div><div class=\"nt-flip-back\"><div class=\"nt-flip-inner\"><p class=\"nt-flip-desc\">Forests sequester CO\u2082 and generate tradable emission certificates which, alongside traditional timber revenues, provide an additional source of income. Investments in forestry enable investors to actively participate in the growing market for CO\u2082 trading systems, both in regulated and voluntary markets. This results in a diversified and inflation-protected return profile characterized by long-term stability. At the same time, forestry projects meet high ESG standards, improve the sustainability profile of portfolios, and benefit from political support as well as rising demand for credible CO\u2082 compensation. In this way, investors combine ecological impact with economic potential and make a direct contribution to global climate goals.\n<\/p><\/div><\/div><\/div><\/div>\t\t\t\t<\/div>\n\t\t\t\t<\/div>\n\t\t\t\t\t<\/div>\n\t\t<\/div>\n\t\t\t\t\t<\/div>\n\t\t<\/div>\n\t\t\t\t<div class=\"wavo-column-gap-default elementor-section elementor-inner-section elementor-element elementor-element-f0635e1 elementor-section-boxed elementor-section-height-default elementor-section-height-default\" data-id=\"f0635e1\" data-element_type=\"section\">\n\t\t\t\t\t\t<div class=\"elementor-container elementor-column-gap-default\">\n\t\t\t\t\t<div class=\"elementor-column elementor-col-33 elementor-inner-column elementor-element elementor-element-295aa69\" data-id=\"295aa69\" data-element_type=\"column\">\n\t\t\t<div class=\"elementor-widget-wrap elementor-element-populated\">\n\t\t\t\t\t\t<div class=\"elementor-element elementor-element-5569160 elementor-widget elementor-widget-wavo-flip-card\" data-id=\"5569160\" data-element_type=\"widget\" data-widget_type=\"wavo-flip-card.default\">\n\t\t\t\t<div class=\"elementor-widget-container\">\n\t\t\t\t\t<div class=\"nt-flip-col flip-up\" ontouchstart=\"this.classList.toggle('hover');\"><div class=\"nt-flip-container\"><div class=\"nt-flip-front\"><div class=\"nt-flip-inner\"><h2 class=\"nt-flip-title\">Photovoltaics<\/h2><\/div><\/div><div class=\"nt-flip-back\"><div class=\"nt-flip-inner\"><p class=\"nt-flip-desc\">The generation of electricity through photovoltaic systems is not limited to buildings but can also be implemented on a large scale on open land. By constructing PV systems, CO\u2082 emissions from power generation can be reduced. At the same time, this technology offers an excellent opportunity to produce electricity cost-effectively and sustainably due to its reliability, long service life of PV modules, and low maintenance requirements. Compared to other technologies, photovoltaic power has the lowest levelized cost of electricity. On the land entrusted to us, we actively promote the implementation of photovoltaic projects and have built an excellent network in this field.<\/p><\/div><\/div><\/div><\/div>\t\t\t\t<\/div>\n\t\t\t\t<\/div>\n\t\t\t\t\t<\/div>\n\t\t<\/div>\n\t\t\t\t<div class=\"elementor-column elementor-col-33 elementor-inner-column elementor-element elementor-element-6ded4a2\" data-id=\"6ded4a2\" data-element_type=\"column\">\n\t\t\t<div class=\"elementor-widget-wrap elementor-element-populated\">\n\t\t\t\t\t\t<div class=\"elementor-element elementor-element-13563b9 elementor-widget elementor-widget-wavo-flip-card\" data-id=\"13563b9\" data-element_type=\"widget\" data-widget_type=\"wavo-flip-card.default\">\n\t\t\t\t<div class=\"elementor-widget-container\">\n\t\t\t\t\t<div class=\"nt-flip-col flip-up\" ontouchstart=\"this.classList.toggle('hover');\"><div class=\"nt-flip-container\"><div class=\"nt-flip-front\"><div class=\"nt-flip-inner\"><h2 class=\"nt-flip-title\">Wind power<\/h2><\/div><\/div><div class=\"nt-flip-back\"><div class=\"nt-flip-inner\"><p class=\"nt-flip-desc\">The generation of energy from renewable sources is a key instrument in achieving the 2-degree target of the Paris Climate Agreement. A particular focus is on wind power, which is promoted worldwide and especially within the EU. Salm Global Land has already implemented wind power projects on many of its own properties as well as on those of its clients, thereby building a strong network in this sector. Every new property is assessed for its potential and suitability for wind turbines, and we coordinate the project development.<\/p><\/div><\/div><\/div><\/div>\t\t\t\t<\/div>\n\t\t\t\t<\/div>\n\t\t\t\t\t<\/div>\n\t\t<\/div>\n\t\t\t\t<div class=\"elementor-column elementor-col-33 elementor-inner-column elementor-element elementor-element-d4b0975\" data-id=\"d4b0975\" data-element_type=\"column\">\n\t\t\t<div class=\"elementor-widget-wrap elementor-element-populated\">\n\t\t\t\t\t\t<div class=\"elementor-element elementor-element-ae46376 elementor-widget elementor-widget-wavo-flip-card\" data-id=\"ae46376\" data-element_type=\"widget\" data-widget_type=\"wavo-flip-card.default\">\n\t\t\t\t<div class=\"elementor-widget-container\">\n\t\t\t\t\t<div class=\"nt-flip-col flip-up\" ontouchstart=\"this.classList.toggle('hover');\"><div class=\"nt-flip-container\"><div class=\"nt-flip-front\"><div class=\"nt-flip-inner\"><h2 class=\"nt-flip-title\">Large-Scale Battery Storage<\/h2><\/div><\/div><div class=\"nt-flip-back\"><div class=\"nt-flip-inner\"><p class=\"nt-flip-desc\">Large-scale battery storage systems can make an important contribution to the energy transition. They enable the temporary storage of surplus electricity, for example from photovoltaic or wind power plants, and make it available again when needed. In this way, grid fluctuations are balanced, peak loads are absorbed, and security of supply is increased. These storage solutions are installed locally and help reduce dependence on fossil fuels and centralized infrastructures. In addition, they open up new business models such as participation in balancing energy markets, optimization of self-consumption, or providing grid services at the local level. For every property owned by our clients, we examine the feasibility and added value of such storage solutions, whether as stand-alone systems or in combination with other renewable technologies.\n<\/p><\/div><\/div><\/div><\/div>\t\t\t\t<\/div>\n\t\t\t\t<\/div>\n\t\t\t\t\t<\/div>\n\t\t<\/div>\n\t\t\t\t\t<\/div>\n\t\t<\/div>\n\t\t\t\t<div class=\"wavo-column-gap-default elementor-section elementor-inner-section elementor-element elementor-element-5e1b5ed elementor-section-boxed elementor-section-height-default elementor-section-height-default\" data-id=\"5e1b5ed\" data-element_type=\"section\">\n\t\t\t\t\t\t<div class=\"elementor-container elementor-column-gap-default\">\n\t\t\t\t\t<div class=\"elementor-column elementor-col-33 elementor-inner-column elementor-element elementor-element-64f8ed7\" data-id=\"64f8ed7\" data-element_type=\"column\">\n\t\t\t<div class=\"elementor-widget-wrap elementor-element-populated\">\n\t\t\t\t\t\t<div class=\"elementor-element elementor-element-5310959 elementor-widget elementor-widget-wavo-flip-card\" data-id=\"5310959\" data-element_type=\"widget\" data-widget_type=\"wavo-flip-card.default\">\n\t\t\t\t<div class=\"elementor-widget-container\">\n\t\t\t\t\t<div class=\"nt-flip-col flip-up\" ontouchstart=\"this.classList.toggle('hover');\"><div class=\"nt-flip-container\"><div class=\"nt-flip-front\"><div class=\"nt-flip-inner\"><h2 class=\"nt-flip-title\">Biogas<\/h2><\/div><\/div><div class=\"nt-flip-back\"><div class=\"nt-flip-inner\"><p class=\"nt-flip-desc\">Decentralized energy supply will become increasingly important in the future. Biogas plants can make a significant contribution to this development. They are operated locally and thus reduce dependence on fossil fuels and centralized power grids. In this technology, organic waste, slurry, residues, or energy crops such as maize are fermented to produce biogas. Before being fed into the gas grid, the biogas is upgraded to biomethane. This is comparable to natural gas and can therefore be used directly for electricity and heat generation. For each property owned by our clients, we assess the feasibility and added value of such plants. \n<\/p><\/div><\/div><\/div><\/div>\t\t\t\t<\/div>\n\t\t\t\t<\/div>\n\t\t\t\t\t<\/div>\n\t\t<\/div>\n\t\t\t\t<div class=\"elementor-column elementor-col-33 elementor-inner-column elementor-element elementor-element-aeba03b\" data-id=\"aeba03b\" data-element_type=\"column\">\n\t\t\t<div class=\"elementor-widget-wrap elementor-element-populated\">\n\t\t\t\t\t\t<div class=\"elementor-element elementor-element-6df7bbd elementor-widget elementor-widget-wavo-flip-card\" data-id=\"6df7bbd\" data-element_type=\"widget\" data-widget_type=\"wavo-flip-card.default\">\n\t\t\t\t<div class=\"elementor-widget-container\">\n\t\t\t\t\t<div class=\"nt-flip-col flip-up\" ontouchstart=\"this.classList.toggle('hover');\"><div class=\"nt-flip-container\"><div class=\"nt-flip-front\"><div class=\"nt-flip-inner\"><h2 class=\"nt-flip-title\">Land Set-Aside<\/h2><\/div><\/div><div class=\"nt-flip-back\"><div class=\"nt-flip-inner\"><p class=\"nt-flip-desc\">Investors in agricultural and forest land can also benefit from the targeted set-aside of areas through the establishment of so-called conservation easements. In this process, certain uses are permanently restricted in order to ensure nature and landscape conservation. Property owners often benefit from tax advantages, subsidies, or compensation payments, while the long-term ecological quality and attractiveness of the land increase. At the same time, the land remains a valuable asset but can be managed more cost-effectively. These measures create an additional, predictable income stream. \n<\/p><\/div><\/div><\/div><\/div>\t\t\t\t<\/div>\n\t\t\t\t<\/div>\n\t\t\t\t\t<\/div>\n\t\t<\/div>\n\t\t\t\t<div class=\"elementor-column elementor-col-33 elementor-inner-column elementor-element elementor-element-e27bc3e\" data-id=\"e27bc3e\" data-element_type=\"column\">\n\t\t\t<div class=\"elementor-widget-wrap elementor-element-populated\">\n\t\t\t\t\t\t<div class=\"elementor-element elementor-element-3ee0311 elementor-widget elementor-widget-wavo-flip-card\" data-id=\"3ee0311\" data-element_type=\"widget\" data-widget_type=\"wavo-flip-card.default\">\n\t\t\t\t<div class=\"elementor-widget-container\">\n\t\t\t\t\t<div class=\"nt-flip-col flip-up\" ontouchstart=\"this.classList.toggle('hover');\"><div class=\"nt-flip-container\"><div class=\"nt-flip-front\"><div class=\"nt-flip-inner\"><h2 class=\"nt-flip-title\">Raw materials<\/h2><\/div><\/div><div class=\"nt-flip-back\"><div class=\"nt-flip-inner\"><p class=\"nt-flip-desc\">Investors who invest in agricultural and forest land benefit not only from the long-term appreciation of the land, but also from ongoing income from agriculture or forestry. Such properties often also contain natural resources such as gravel, sand, or other mineral deposits that can be extracted and marketed. This additional source of income opens up new revenue streams that are independent of the traditional market cycles of agriculture and forestry. This makes the investment more robust and resilient in the long term.\n<\/p><\/div><\/div><\/div><\/div>\t\t\t\t<\/div>\n\t\t\t\t<\/div>\n\t\t\t\t\t<\/div>\n\t\t<\/div>\n\t\t\t\t\t<\/div>\n\t\t<\/div>\n\t\t\t\t\t<\/div>\n\t\t<\/div>\n\t\t\t\t\t<\/div>\n\t\t<\/div>\n\t\t\t\t<\/div>","protected":false},"excerpt":{"rendered":"<p>Mehrwerte Mehrwerte in Land- &#038; Forstwirtschaft Forst- und Landwirtschaft sind unverzichtbare Grundlagen f\u00fcr unsere Gesellschaft. Beide schaffen nicht nur \u00f6konomischen, sondern auch \u00f6kologischen und sozialen Mehrwert. Sie stellen unsere Lebensgrundlage und nachwachsende Rohstoffe bereit, schaffen Arbeitspl\u00e4tze und sind die Grundlage einer nachhaltigen und zukunftsorientierten Entwicklung.\u00a0 Mehrwerte Wertsch\u00f6pfungspotentiale von Grund &amp; Boden Unsere Investments in Land-&#8230;<\/p>","protected":false},"author":1,"featured_media":0,"parent":22,"menu_order":0,"comment_status":"closed","ping_status":"closed","template":"wavo-elementor-page.php","meta":{"_acf_changed":false,"footnotes":""},"class_list":{"0":"post-2506","1":"page","2":"type-page","3":"status-publish","4":"hentry","5":"nt-post-class","6":"","7":"thumb-none","9":"excerpt-none"},"acf":[],"_links":{"self":[{"href":"https:\/\/salm-global-land.de\/en\/wp-json\/wp\/v2\/pages\/2506","targetHints":{"allow":["GET"]}}],"collection":[{"href":"https:\/\/salm-global-land.de\/en\/wp-json\/wp\/v2\/pages"}],"about":[{"href":"https:\/\/salm-global-land.de\/en\/wp-json\/wp\/v2\/types\/page"}],"author":[{"embeddable":true,"href":"https:\/\/salm-global-land.de\/en\/wp-json\/wp\/v2\/users\/1"}],"replies":[{"embeddable":true,"href":"https:\/\/salm-global-land.de\/en\/wp-json\/wp\/v2\/comments?post=2506"}],"version-history":[{"count":202,"href":"https:\/\/salm-global-land.de\/en\/wp-json\/wp\/v2\/pages\/2506\/revisions"}],"predecessor-version":[{"id":9168,"href":"https:\/\/salm-global-land.de\/en\/wp-json\/wp\/v2\/pages\/2506\/revisions\/9168"}],"up":[{"embeddable":true,"href":"https:\/\/salm-global-land.de\/en\/wp-json\/wp\/v2\/pages\/22"}],"wp:attachment":[{"href":"https:\/\/salm-global-land.de\/en\/wp-json\/wp\/v2\/media?parent=2506"}],"curies":[{"name":"wp","href":"https:\/\/api.w.org\/{rel}","templated":true}]}}